{"id":219,"date":"2023-09-11T08:34:00","date_gmt":"2023-09-11T08:34:00","guid":{"rendered":"https:\/\/parejasenior.es\/?page_id=219"},"modified":"2023-09-12T08:32:48","modified_gmt":"2023-09-12T08:32:48","slug":"politica-de-cookies","status":"publish","type":"page","link":"https:\/\/parejasenior.es\/index.php\/politica-de-cookies\/","title":{"rendered":"Pol\u00edtica de cookies"},"content":{"rendered":"[vc_row type=\u00bbfull_width_content\u00bb full_screen_row_position=\u00bbmiddle\u00bb column_margin=\u00bbdefault\u00bb column_direction=\u00bbdefault\u00bb column_direction_tablet=\u00bbdefault\u00bb column_direction_phone=\u00bbdefault\u00bb scene_position=\u00bbcenter\u00bb text_color=\u00bbdark\u00bb text_align=\u00bbleft\u00bb row_border_radius=\u00bbnone\u00bb row_border_radius_applies=\u00bbbg\u00bb overflow=\u00bbvisible\u00bb overlay_strength=\u00bb0.3&#8243; gradient_direction=\u00bbleft_to_right\u00bb shape_divider_position=\u00bbbottom\u00bb bg_image_animation=\u00bbnone\u00bb gradient_type=\u00bbdefault\u00bb shape_type=\u00bb\u00bb][vc_column column_padding=\u00bbno-extra-padding\u00bb column_padding_tablet=\u00bbinherit\u00bb column_padding_phone=\u00bbinherit\u00bb column_padding_position=\u00bball\u00bb column_element_direction_desktop=\u00bbdefault\u00bb column_element_spacing=\u00bbdefault\u00bb desktop_text_alignment=\u00bbdefault\u00bb tablet_text_alignment=\u00bbdefault\u00bb phone_text_alignment=\u00bbdefault\u00bb background_color_opacity=\u00bb1&#8243; background_hover_color_opacity=\u00bb1&#8243; column_backdrop_filter=\u00bbnone\u00bb column_shadow=\u00bbnone\u00bb column_border_radius=\u00bbnone\u00bb column_link_target=\u00bb_self\u00bb column_position=\u00bbdefault\u00bb gradient_direction=\u00bbleft_to_right\u00bb overlay_strength=\u00bb0.3&#8243; width=\u00bb1\/1&#8243; tablet_width_inherit=\u00bbdefault\u00bb animation_type=\u00bbdefault\u00bb bg_image_animation=\u00bbnone\u00bb border_type=\u00bbsimple\u00bb column_border_width=\u00bbnone\u00bb column_border_style=\u00bbsolid\u00bb][divider line_type=\u00bbFull Width Line\u00bb line_thickness=\u00bb3&#8243; divider_color=\u00bbextra-color-3&#8243; custom_height=\u00bb0px\u00bb][divider line_type=\u00bbNo Line\u00bb custom_height=\u00bb45px\u00bb][\/vc_column][\/vc_row][vc_row type=\u00bbfull_width_background\u00bb full_screen_row_position=\u00bbmiddle\u00bb column_margin=\u00bbdefault\u00bb column_direction=\u00bbdefault\u00bb column_direction_tablet=\u00bbdefault\u00bb column_direction_phone=\u00bbdefault\u00bb scene_position=\u00bbcenter\u00bb text_color=\u00bbdark\u00bb text_align=\u00bbleft\u00bb row_border_radius=\u00bbnone\u00bb row_border_radius_applies=\u00bbbg\u00bb overflow=\u00bbvisible\u00bb overlay_strength=\u00bb0.3&#8243; gradient_direction=\u00bbleft_to_right\u00bb shape_divider_position=\u00bbbottom\u00bb bg_image_animation=\u00bbnone\u00bb gradient_type=\u00bbdefault\u00bb shape_type=\u00bb\u00bb][vc_column column_padding=\u00bbno-extra-padding\u00bb column_padding_tablet=\u00bbinherit\u00bb column_padding_phone=\u00bbinherit\u00bb column_padding_position=\u00bball\u00bb column_element_direction_desktop=\u00bbdefault\u00bb column_element_spacing=\u00bbdefault\u00bb desktop_text_alignment=\u00bbdefault\u00bb tablet_text_alignment=\u00bbdefault\u00bb phone_text_alignment=\u00bbdefault\u00bb background_color_opacity=\u00bb1&#8243; background_hover_color_opacity=\u00bb1&#8243; column_backdrop_filter=\u00bbnone\u00bb column_shadow=\u00bbnone\u00bb column_border_radius=\u00bbnone\u00bb column_link_target=\u00bb_self\u00bb column_position=\u00bbdefault\u00bb gradient_direction=\u00bbleft_to_right\u00bb overlay_strength=\u00bb0.3&#8243; width=\u00bb1\/1&#8243; tablet_width_inherit=\u00bbdefault\u00bb animation_type=\u00bbdefault\u00bb bg_image_animation=\u00bbnone\u00bb border_type=\u00bbsimple\u00bb column_border_width=\u00bbnone\u00bb column_border_style=\u00bbsolid\u00bb][nectar_highlighted_text color_type=\u00bbgradient\u00bb highlight_color=\u00bb#ffffff\u00bb secondary_color=\u00bb#e0d395&#8243; style=\u00bbhalf_text\u00bb]\n<h1 style=\"text-align: center;\"><em>Pol\u00edtica de Cookies<\/em><\/h1>\n[\/nectar_highlighted_text][divider line_type=\u00bbNo Line\u00bb custom_height=\u00bb60px\u00bb][vc_column_text]\n<h4>\u00bfQu\u00e9 son las Cookies?<\/h4>\n<p>&nbsp;<\/p>\n<p>Ester sitio web utiliza Cookies. Las Cookies son ficheros enviados a un navegador por medio de un servidor web para registrar las actividades del usuario en una web determinada. La primera finalidad de las Cookies es la de facilitar al usuario un acceso m\u00e1s r\u00e1pido a los servicios seleccionados. Adem\u00e1s, las Cookies personalizan los servicios que ofrece la web, facilitando y ofreciendo a cada usuario informaci\u00f3n que es de su inter\u00e9s o que puede ser de su inter\u00e9s.<\/p>\n<p>En Pareja Senior utilizamos Cookies para personalizar y facilitar al m\u00e1ximo la navegaci\u00f3n del usuario. Las Cookies se asocian \u00fanicamente a un usuario an\u00f3nimo y su ordenador y no proporcionan referencias que permitan deducir datos personales del usuario. El usuario podr\u00e1 configurar su navegador para que notifique y rechace la instalaci\u00f3n las Cookies enviadas por la web, sin que ello perjudique la posibilidad del usuario de acceder a los contenidos de dicha web. Sin embargo, le hacemos notar que, en todo caso, la calidad de funcionamiento de la p\u00e1gina web puede disminuir.<\/p>\n<p>Los usuarios registrados, que se registren o que hayan iniciado sesi\u00f3n, podr\u00e1n beneficiarse de unos servicios m\u00e1s personalizados y orientados a su perfil, gracias a la combinaci\u00f3n de los datos almacenados en las cookies con los datos personales utilizados en el momento de su registro. Dichos usuarios autorizan expresamente el uso de esta informaci\u00f3n con la finalidad indicada, sin perjuicio de su derecho a rechazar o deshabilitar el uso de cookies.<\/p>\n<p>&nbsp;<\/p>\n<p>&nbsp;<\/p>\n<h4>Tipos de Cookies<\/h4>\n<p>&nbsp;<\/p>\n<ol>\n<li>Cookies de sesi\u00f3n: Las primeras expiran cuando el usuario cierra el navegador.<\/li>\n<li>Cookies persistentes:\u00a0Las segundas expiran en funci\u00f3n de cuando se cumpla el objetivo para el que sirven (por ejemplo, para que el usuario se mantenga identificado en los Servicios) o bien cuando se borran manualmente.<\/li>\n<li>Cookies\u00a0de rendimiento:\u00a0Este tipo de Cookie recuerda sus preferencias para las herramientas que se encuentran en los servicios, por lo que no tiene que volver a configurar el servicio cada vez que usted visita. A modo de ejemplo, en esta tipolog\u00eda se incluyen:\n<ul>\n<li>Ajustes de volumen de reproductores de v\u00eddeo o sonido.<\/li>\n<li>Las velocidades de transmisi\u00f3n de v\u00eddeo que sean compatibles con su navegador.<\/li>\n<\/ul>\n<\/li>\n<li>Cookies\u00a0de geo-localizaci\u00f3n: Son utilizadas para averiguar en qu\u00e9 pa\u00eds se encuentra cuando se solicita un servicio, es totalmente an\u00f3nima, y s\u00f3lo se utiliza para ayudar a orientar el contenido a su ubicaci\u00f3n.<\/li>\n<li>Cookies\u00a0de registro:\u00a0Las Cookies de registro se generan una vez que el usuario se ha registrado o posteriormente ha abierto su sesi\u00f3n, y se utilizan para identificarle en los servicios con los siguientes objetivos:\n<ul>\n<li>Mantener al usuario identificado de forma que, si cierra un servicio, el navegador o el ordenador y en otro momento u otro d\u00eda vuelve a entrar en dicho servicio, seguir\u00e1 identificado, facilitando as\u00ed su navegaci\u00f3n sin tener que volver a identificarse. Esta funcionalidad se puede suprimir si el usuario pulsa la funcionalidad \u201ccerrar sesi\u00f3n\u201d, de forma que \u00a0esta Cookie se elimina y la pr\u00f3xima vez que entre en el servicio el usuario tendr\u00e1 que iniciar sesi\u00f3n para estar identificado.<\/li>\n<li>Comprobar si el usuario est\u00e1 autorizado para acceder a ciertos servicios, por ejemplo, para participar en un concurso.<\/li>\n<\/ul>\n<\/li>\n<li>Cookies\u00a0anal\u00edticas: Cada vez que un Usuario visita un servicio, una herramienta de un proveedor externo \u00a0genera una Cookie anal\u00edtica en el ordenador del usuario. Esta Cookie que s\u00f3lo se genera en la visita, servir\u00e1 en pr\u00f3ximas visitas a los servicios de la web para identificar de forma an\u00f3nima al visitante. Los objetivos principales que se persiguen son:\n<ul>\n<li>Permitir la identificaci\u00f3n an\u00f3nima de los usuarios navegantes a trav\u00e9s de la Cookie\u00a0(identifica navegadores y dispositivos, no personas) y por lo tanto la contabilizaci\u00f3n aproximada del n\u00famero de visitantes y su tendencia en el tiempo.<\/li>\n<li>Identificar de forma an\u00f3nima los contenidos m\u00e1s visitados y por lo tanto m\u00e1s atractivos para los usuarios.<\/li>\n<li>Saber si el usuario que est\u00e1 accediendo es nuevo o repite visita.<\/li>\n<li>Importante: Salvo que el usuario decida registrarse en un servicio de la web<b>,<\/b> la Cookie nunca ir\u00e1 asociada a ning\u00fan dato de car\u00e1cter personal que pueda identificarle. Dichas Cookies s\u00f3lo ser\u00e1n utilizadas con prop\u00f3sitos estad\u00edsticos que ayuden a la optimizaci\u00f3n de la experiencia de los usuarios en el sitio.<\/li>\n<\/ul>\n<\/li>\n<li>Cookies\u00a0de publicidad comportamental: Este tipo de Cookies permite ampliar la informaci\u00f3n de los anuncios mostrados a cada usuario an\u00f3nimo en los servicios de la web<b>.<\/b>\u00a0Entre otros, se almacena la duraci\u00f3n o frecuencia de visualizaci\u00f3n de posiciones publicitarias, la interacci\u00f3n con las mismas, o los patrones de navegaci\u00f3n y\/o compartimientos del usuario ya que ayudan a conformar un perfil de inter\u00e9s publicitario. De este modo, permiten ofrecer publicidad af\u00edn a los intereses del usuario.<\/li>\n<li>Cookies\u00a0publicitarias de terceros: Adem\u00e1s de la publicidad gestionada por la web en sus servicios, la web ofrece a sus anunciantes la opci\u00f3n de servir anuncios a trav\u00e9s de terceros (\u201cAdServers\u201d). De este modo, estos terceros pueden almacenar Cookies enviadas desde los servicios de la web procedentes de los navegadores de los usuarios, as\u00ed como acceder a los datos que en ellas se guardan.<\/li>\n<\/ol>\n<p>&nbsp;<\/p>\n<p>&nbsp;<\/p>\n<h4>Cookies que utilizamos<\/h4>\n<p>&nbsp;<\/p>\n<p>Para la navegaci\u00f3n de este sitio web se utilizan las siguientes cookies:<\/p>\n<p>&nbsp;<\/p>\n<p>ANALYTICS<\/p>\n<p>&nbsp;<\/p>\n<p>&nbsp;<\/p>\n<table class=\"cookies-table\">\n<tbody>\n<tr>\n<td><strong>Nombre<\/strong><\/td>\n<td><strong>Funci\u00f3n<\/strong><\/td>\n<td><strong>Permanencia<\/strong><\/td>\n<\/tr>\n<tr>\n<td valign=\"top\">_ga<\/td>\n<td valign=\"top\">Se utiliza para distinguir a los usuarios.<\/td>\n<td valign=\"top\">2 a\u00f1os<\/td>\n<\/tr>\n<tr>\n<td valign=\"top\" width=\"180\">__utma<\/td>\n<td valign=\"top\" width=\"409\">Se utiliza para distinguir a los usuarios y sesiones. La cookie se crea cuando se ejecuta la biblioteca de JavaScript y las cookies no UTMA __ existentes existe. La cookie se actualiza cada vez que los datos se env\u00edan a Google Analytics.<\/td>\n<td valign=\"top\" width=\"610\">2 a\u00f1os desde la instalaci\u00f3n o actualizaci\u00f3n<\/td>\n<\/tr>\n<tr>\n<td valign=\"top\">__utmb<\/td>\n<td valign=\"top\">Se utiliza para determinar nuevas sesiones \/ visitas. La cookie se crea cuando se ejecuta la biblioteca de JavaScript y las cookies no UTMB __ existentes existe. La cookie se actualiza cada vez que los datos se env\u00edan a Google Analytics.<\/td>\n<td valign=\"top\">30 minutos desde la instalaci\u00f3n o actualizaci\u00f3n<\/td>\n<\/tr>\n<tr>\n<td valign=\"top\">__utmc<\/td>\n<td valign=\"top\">No se utiliza en ga.js. Ajuste para la interoperabilidad con urchin.js. Hist\u00f3ricamente, esta cookie operado en conjunto con el __utmb cookie para determinar si el usuario estaba en una nueva sesi\u00f3n \/ visita.<\/td>\n<td valign=\"top\">Hasta la finalizaci\u00f3n de la sesi\u00f3n del navegador<\/td>\n<\/tr>\n<tr>\n<td valign=\"top\">__utmz<\/td>\n<td valign=\"top\">Almacena la fuente de tr\u00e1fico o una campa\u00f1a que explica c\u00f3mo el usuario lleg\u00f3 a su sitio. Se crea la cookie cuando se ejecuta la biblioteca de JavaScript y se actualiza cada vez que los datos se env\u00edan a Google Analytics.<\/td>\n<td valign=\"top\">6 meses desde la instalaci\u00f3n o actualizaci\u00f3n<\/td>\n<\/tr>\n<\/tbody>\n<\/table>\n<p>&nbsp;<\/p>\n<p>&nbsp;<\/p>\n<p>OTROS<\/p>\n<p>&nbsp;<\/p>\n<p>&nbsp;<\/p>\n<table class=\"cookies-table\">\n<tbody>\n<tr>\n<td><strong>Nombre<\/strong><\/td>\n<td><strong>Funci\u00f3n<\/strong><\/td>\n<td><strong>Permanencia<\/strong><\/td>\n<\/tr>\n<tr>\n<td valign=\"top\" width=\"180\">modal-dialog<\/td>\n<td valign=\"top\" width=\"409\">Memoriza si el usuario ya ha visitado la web el mismo d\u00eda y le muestra un formulario de suscripci\u00f3n si el la primera conexi\u00f3n del d\u00eda del usuario<\/td>\n<td valign=\"top\" width=\"610\">1 d\u00eda<\/td>\n<\/tr>\n<\/tbody>\n<\/table>\n<p>&nbsp;<\/p>\n<p>&nbsp;<\/p>\n<h4>Deshabilitar las Cookies<\/h4>\n<p>&nbsp;<\/p>\n<p>Todos los navegadores modernos permiten cambiar la configuraci\u00f3n de Cookies. Estos ajustes normalmente se encuentran en las \u00a8opciones\u00a8 o \u00a8preferencias\u00a8 del men\u00fa de su navegador. Asimismo, puede configurar su navegador o su gestor de correo electr\u00f3nico, as\u00ed como instalar complementos gratuitos para evitar que se descarguen los Web\u00a0<i>Bugs<\/i>\u00a0al abrir un email.<\/p>\n<p>La Web ofrece orientaci\u00f3n al Usuario sobre los pasos para \u00a0acceder al men\u00fa de configuraci\u00f3n de las\u00a0<i>cookies<\/i>\u00a0y, en su caso, de la navegaci\u00f3n privada en cada uno de los navegadores principales:<\/p>\n<p>&nbsp;<\/p>\n<ul>\n<li>Internet Explorer: Herramientas \u2013 &gt; Opciones de Internet \u2013 &gt; Privacidad \u2013 &gt; \u00a0Configuraci\u00f3n.<\/li>\n<li>Para m\u00e1s informaci\u00f3n, puede consultar el soporte de Microsoft o la Ayuda del navegador.<\/li>\n<li>Firefox: Herramientas \u2013 &gt; Opciones \u2013 &gt; Privacidad \u2013 &gt; Historial \u2013 &gt; Configuraci\u00f3n personalizada.<\/li>\n<li>Chrome: Configuraci\u00f3n \u2013 &gt; Mostrar opciones avanzadas \u2013 &gt; Privacidad \u2013 &gt; Configuraci\u00f3n de contenido.<\/li>\n<li>Safari: Preferencias \u2013 &gt; Seguridad.<\/li>\n<li>Para m\u00e1s informaci\u00f3n, puede consultar el soporte de Apple o la Ayuda del navegador.<\/li>\n<\/ul>\n<p>&nbsp;<\/p>\n<p>&nbsp;<\/p>\n<h4>Modificaciones en la Pol\u00edtica de Cookies<\/h4>\n<p>&nbsp;<\/p>\n<p>La web puede modificar esta Pol\u00edtica de Cookies en funci\u00f3n de las exigencias legislativas, reglamentarias, o con la finalidad de adaptar dicha pol\u00edtica a las instrucciones dictadas por la Agencia Espa\u00f1ola de Protecci\u00f3n de Datos, por ello se aconseja a los usuarios que la visiten peri\u00f3dicamente.<\/p>\n<p>Cuando se produzcan cambios significativos en esta Pol\u00edtica de\u00a0<i>Cookies<\/i>, se comunicar\u00e1n a los usuarios bien mediante la web o a trav\u00e9s de correo electr\u00f3nico a los usuarios registrados.<\/p>\n<p>En el caso de que desee obtener m\u00e1s informaci\u00f3n en relaci\u00f3n con la configuraci\u00f3n de los distintos navegadores, pinche en aqu\u00e9l sobre el que quiera informarse:<\/p>\n<ul>\n<li><a href=\"http:\/\/windows.microsoft.com\/es-ES\/windows-vista\/Block-or-allow-cookies\" target=\"_blank\" rel=\"noopener\">Microsoft Internet Explorer<\/a><\/li>\n<li><a href=\"http:\/\/support.google.com\/chrome\/bin\/answer.py?hl=es&amp;answer=95647\" target=\"_blank\" rel=\"noopener\">Google Chrome<\/a><\/li>\n<li><a href=\"http:\/\/support.mozilla.org\/es\/kb\/habilitar-y-deshabilitar-cookies-que-los-sitios-we?redirectlocale=es&amp;redirectslug=Habilitar+y+deshabilitar+cookies\" target=\"_blank\" rel=\"noopener\">Mozilla Firefox<\/a><\/li>\n<li><a href=\"http:\/\/www.apple.com\/support\/?path=Safari\/3.0\/es\/9277.html\" target=\"_blank\" rel=\"noopener\">Safari<\/a><\/li>\n<\/ul>\n[\/vc_column_text][divider line_type=\u00bbNo Line\u00bb custom_height=\u00bb30px\u00bb][\/vc_column][\/vc_row]\n","protected":false},"excerpt":{"rendered":"<p>[vc_row type=\u00bbfull_width_content\u00bb full_screen_row_position=\u00bbmiddle\u00bb column_margin=\u00bbdefault\u00bb column_direction=\u00bbdefault\u00bb column_direction_tablet=\u00bbdefault\u00bb column_direction_phone=\u00bbdefault\u00bb scene_position=\u00bbcenter\u00bb text_color=\u00bbdark\u00bb text_align=\u00bbleft\u00bb row_border_radius=\u00bbnone\u00bb row_border_radius_applies=\u00bbbg\u00bb overflow=\u00bbvisible\u00bb overlay_strength=\u00bb0.3&#8243; gradient_direction=\u00bbleft_to_right\u00bb shape_divider_position=\u00bbbottom\u00bb bg_image_animation=\u00bbnone\u00bb gradient_type=\u00bbdefault\u00bb shape_type=\u00bb\u00bb][vc_column column_padding=\u00bbno-extra-padding\u00bb column_padding_tablet=\u00bbinherit\u00bb column_padding_phone=\u00bbinherit\u00bb column_padding_position=\u00bball\u00bb column_element_direction_desktop=\u00bbdefault\u00bb column_element_spacing=\u00bbdefault\u00bb desktop_text_alignment=\u00bbdefault\u00bb tablet_text_alignment=\u00bbdefault\u00bb phone_text_alignment=\u00bbdefault\u00bb background_color_opacity=\u00bb1&#8243; background_hover_color_opacity=\u00bb1&#8243;&#8230;<\/p>\n","protected":false},"author":1,"featured_media":0,"parent":0,"menu_order":0,"comment_status":"closed","ping_status":"closed","template":"","meta":{"content-type":"","footnotes":""},"class_list":["post-219","page","type-page","status-publish"],"_links":{"self":[{"href":"https:\/\/parejasenior.es\/index.php\/wp-json\/wp\/v2\/pages\/219","targetHints":{"allow":["GET"]}}],"collection":[{"href":"https:\/\/parejasenior.es\/index.php\/wp-json\/wp\/v2\/pages"}],"about":[{"href":"https:\/\/parejasenior.es\/index.php\/wp-json\/wp\/v2\/types\/page"}],"author":[{"embeddable":true,"href":"https:\/\/parejasenior.es\/index.php\/wp-json\/wp\/v2\/users\/1"}],"replies":[{"embeddable":true,"href":"https:\/\/parejasenior.es\/index.php\/wp-json\/wp\/v2\/comments?post=219"}],"version-history":[{"count":6,"href":"https:\/\/parejasenior.es\/index.php\/wp-json\/wp\/v2\/pages\/219\/revisions"}],"predecessor-version":[{"id":259,"href":"https:\/\/parejasenior.es\/index.php\/wp-json\/wp\/v2\/pages\/219\/revisions\/259"}],"wp:attachment":[{"href":"https:\/\/parejasenior.es\/index.php\/wp-json\/wp\/v2\/media?parent=219"}],"curies":[{"name":"wp","href":"https:\/\/api.w.org\/{rel}","templated":true}]}}