{"id":229,"date":"2023-09-11T08:53:12","date_gmt":"2023-09-11T08:53:12","guid":{"rendered":"https:\/\/parejasenior.es\/?page_id=229"},"modified":"2023-09-12T08:21:44","modified_gmt":"2023-09-12T08:21:44","slug":"aviso-legal","status":"publish","type":"page","link":"https:\/\/parejasenior.es\/index.php\/aviso-legal\/","title":{"rendered":"Aviso legal"},"content":{"rendered":"[vc_row type=\u00bbfull_width_content\u00bb full_screen_row_position=\u00bbmiddle\u00bb column_margin=\u00bbdefault\u00bb column_direction=\u00bbdefault\u00bb column_direction_tablet=\u00bbdefault\u00bb column_direction_phone=\u00bbdefault\u00bb scene_position=\u00bbcenter\u00bb text_color=\u00bbdark\u00bb text_align=\u00bbleft\u00bb row_border_radius=\u00bbnone\u00bb row_border_radius_applies=\u00bbbg\u00bb overflow=\u00bbvisible\u00bb overlay_strength=\u00bb0.3&#8243; gradient_direction=\u00bbleft_to_right\u00bb shape_divider_position=\u00bbbottom\u00bb bg_image_animation=\u00bbnone\u00bb gradient_type=\u00bbdefault\u00bb shape_type=\u00bb\u00bb][vc_column column_padding=\u00bbno-extra-padding\u00bb column_padding_tablet=\u00bbinherit\u00bb column_padding_phone=\u00bbinherit\u00bb column_padding_position=\u00bball\u00bb column_element_direction_desktop=\u00bbdefault\u00bb column_element_spacing=\u00bbdefault\u00bb desktop_text_alignment=\u00bbdefault\u00bb tablet_text_alignment=\u00bbdefault\u00bb phone_text_alignment=\u00bbdefault\u00bb background_color_opacity=\u00bb1&#8243; background_hover_color_opacity=\u00bb1&#8243; column_backdrop_filter=\u00bbnone\u00bb column_shadow=\u00bbnone\u00bb column_border_radius=\u00bbnone\u00bb column_link_target=\u00bb_self\u00bb column_position=\u00bbdefault\u00bb gradient_direction=\u00bbleft_to_right\u00bb overlay_strength=\u00bb0.3&#8243; width=\u00bb1\/1&#8243; tablet_width_inherit=\u00bbdefault\u00bb animation_type=\u00bbdefault\u00bb bg_image_animation=\u00bbnone\u00bb border_type=\u00bbsimple\u00bb column_border_width=\u00bbnone\u00bb column_border_style=\u00bbsolid\u00bb][divider line_type=\u00bbFull Width Line\u00bb line_thickness=\u00bb3&#8243; divider_color=\u00bbextra-color-3&#8243; custom_height=\u00bb0px\u00bb][divider line_type=\u00bbNo Line\u00bb custom_height=\u00bb45px\u00bb][\/vc_column][\/vc_row][vc_row type=\u00bbfull_width_background\u00bb full_screen_row_position=\u00bbmiddle\u00bb column_margin=\u00bbdefault\u00bb column_direction=\u00bbdefault\u00bb column_direction_tablet=\u00bbdefault\u00bb column_direction_phone=\u00bbdefault\u00bb scene_position=\u00bbcenter\u00bb text_color=\u00bbdark\u00bb text_align=\u00bbleft\u00bb row_border_radius=\u00bbnone\u00bb row_border_radius_applies=\u00bbbg\u00bb overflow=\u00bbvisible\u00bb overlay_strength=\u00bb0.3&#8243; gradient_direction=\u00bbleft_to_right\u00bb shape_divider_position=\u00bbbottom\u00bb bg_image_animation=\u00bbnone\u00bb gradient_type=\u00bbdefault\u00bb shape_type=\u00bb\u00bb][vc_column column_padding=\u00bbno-extra-padding\u00bb column_padding_tablet=\u00bbinherit\u00bb column_padding_phone=\u00bbinherit\u00bb column_padding_position=\u00bball\u00bb column_element_direction_desktop=\u00bbdefault\u00bb column_element_spacing=\u00bbdefault\u00bb desktop_text_alignment=\u00bbdefault\u00bb tablet_text_alignment=\u00bbdefault\u00bb phone_text_alignment=\u00bbdefault\u00bb background_color_opacity=\u00bb1&#8243; background_hover_color_opacity=\u00bb1&#8243; column_backdrop_filter=\u00bbnone\u00bb column_shadow=\u00bbnone\u00bb column_border_radius=\u00bbnone\u00bb column_link_target=\u00bb_self\u00bb column_position=\u00bbdefault\u00bb gradient_direction=\u00bbleft_to_right\u00bb overlay_strength=\u00bb0.3&#8243; width=\u00bb1\/1&#8243; tablet_width_inherit=\u00bbdefault\u00bb animation_type=\u00bbdefault\u00bb bg_image_animation=\u00bbnone\u00bb border_type=\u00bbsimple\u00bb column_border_width=\u00bbnone\u00bb column_border_style=\u00bbsolid\u00bb][nectar_highlighted_text color_type=\u00bbgradient\u00bb highlight_color=\u00bb#ffffff\u00bb secondary_color=\u00bb#e0d395&#8243; style=\u00bbhalf_text\u00bb]\n<h1 style=\"text-align: center;\"><em>Aviso legal<\/em><\/h1>\n[\/nectar_highlighted_text][divider line_type=\u00bbNo Line\u00bb custom_height=\u00bb45px\u00bb][vc_column_text]En cumplimiento de lo previsto en el art\u00edculo 10 de la Ley 34\/2002 de 11 de julio, de Servicios de la Sociedad de la Informaci\u00f3n y de Comercio Electr\u00f3nico, se declara a\u00a0<strong>parejasenior.es <\/strong>como sitio web personal gestionado por Carmen Mar\u00eda Sillas, con domicilio en Sevilla (Espa\u00f1a).<\/p>\n<p>La utilizaci\u00f3n del sitio web\u00a0<strong>www.parejasenior.es<\/strong>\u00a0implica por parte del visitante (en adelante usuario), la aceptaci\u00f3n de las condiciones de uso que se recogen a continuaci\u00f3n, por lo que rogamos su atenta lectura por parte del usuario.<\/p>\n<p>&nbsp;<\/p>\n<h3>\u00a0 \u00a0 \u00a01. Condiciones de uso del sitio Web<\/h3>\n<p>&nbsp;<\/p>\n<p>Pareja Senior es una web destinada a facilitar el encontrar un compa\u00f1ero o compa\u00f1era de vida para personas de m\u00e1s de 60 a\u00f1os, utilizando para ello los perfiles de los clientes para posteriormente concertar citas entre ellos. Esto implica la aceptaci\u00f3n de las condiciones de uso del sitio web.<\/p>\n<p>&nbsp;<\/p>\n<p>&nbsp;<\/p>\n<h3>\u00a0 \u00a0 \u00a02. Responsabilidades y obligaciones<\/h3>\n<p>&nbsp;<\/p>\n<ul>\n<li>Este sitio web no se hace responsable por lo que pudieras hacer con la informaci\u00f3n y enlaces aqu\u00ed contenidos.<\/li>\n<li>Este sitio web contiene enlaces externos, destinados a enriquecer el contenido de la tem\u00e1tica de la web. Sin embargo hay que tener en cuenta que este sitio web no ofrece ni comercializa, por s\u00ed mismo ni por medio de terceros la informaci\u00f3n, contenidos y servicios disponibles en los enlaces externos, ni aprueba, supervisa o controla en modo alguno los contenidos y servicios y cualquier material de cualquier naturaleza existente en los mismos. Por tanto, el propietario del sitio web no asumir\u00e1 responsabilidad alguna por el contenido de los enlaces externos que contiene este sitio web ni garantizar\u00e1 la disponibilidad t\u00e9cnica, la calidad, la fiabilidad, la exactitud, el alcance, la veracidad, la validez y la legalidad de ning\u00fan material o informaci\u00f3n contenidos en cualquiera de los hiperv\u00ednculos u otros sitios de Internet.<\/li>\n<li>Este sitio web no se hace responsable por los contenidos y opiniones de terceros vertidas en los comentarios. Si alguna de esas opiniones o contenidos son considerados ofensivos ser\u00e1n borrados.<\/li>\n<li>Este sitio web contiene enlaces externos a p\u00e1ginas de otros y no se hace responsable de sus pr\u00e1cticas en lo que refiere a la privacidad de sus lectores.<\/li>\n<li>El usuario se compromete y acepta la condici\u00f3n de no utilizar la informaci\u00f3n publicada en la web para el env\u00edo de notificaciones de spam;<\/li>\n<li>El usuario se compromete a no publicar ni divulgar informaci\u00f3n o contenidos falsos, ambiguos, inexactos o que induzcan a error a los destinatarios de dicha informaci\u00f3n, como tampoco difundir informaci\u00f3n de car\u00e1cter racista, xen\u00f3fobo o pornogr\u00e1fico ni publicar declaraciones de apolog\u00eda del terrorismo o que puedan atentar contra los derechos humanos o de menores.<\/li>\n<li>El usuario se compromete a no introducir ni propagar ning\u00fan virus inform\u00e1tico en la red o en cualquier otro sistema f\u00edsico o l\u00f3gico que pueda causar los da\u00f1os mencionados; no realizar ninguna acci\u00f3n que infrinja o d\u00e9 lugar a la infracci\u00f3n de los derechos de propiedad intelectual de este sitio web o de terceros.<\/li>\n<\/ul>\n<p>&nbsp;<\/p>\n<p>&nbsp;<\/p>\n<h3>\u00a0 \u00a0 \u00a03. Exenci\u00f3n de responsabilidades<\/h3>\n<p>&nbsp;<\/p>\n<ul>\n<li>Este sitio web no se hace responsable por cualquier da\u00f1o, p\u00e9rdida o lesi\u00f3n como resultado de las actividades de cualquier visitante del sitio y el uso que le puedan dar a su contenido.<\/li>\n<li>El propietario del sitio web no garantiza la disponibilidad ni el funcionamiento del sitio. Sin embargo, haremos todo lo posible para garantizar ambos.<\/li>\n<li>Este sitio web se reserva el derecho de interrumpir el servicio en cualquier momento para realizar los trabajos de mantenimiento que sean necesarios.<\/li>\n<li>Este sitio web no se har\u00e1 responsable por los posibles da\u00f1os que puedan producirse como resultado de interferencias, interrupciones, virus inform\u00e1ticos, fallos o desconexi\u00f3n del funcionamiento de este sistema electr\u00f3nico por causas que queden fuera del control de nuestra entidad o como resultado de da\u00f1os que puedan deberse a alteraciones en el software o el hardware del Usuario. Del mismo modo, no podemos garantizar la ausencia de virus, malwares, troyanos u otros elementos da\u00f1inos que puedan alterar el sistema inform\u00e1tico, los documentos o los archivos de usuario. As\u00ed pues, el propietario del sitio web no se har\u00e1 responsable de ning\u00fan da\u00f1o causado al Usuario por los motivos arriba mencionados. Adem\u00e1s, el propietario del sitio web no ser\u00e1 responsable de ning\u00fan da\u00f1o causado por terceros como resultado de interferencias ilegales fuera de nuestro control.<\/li>\n<\/ul>\n<p>&nbsp;<\/p>\n<p>&nbsp;<\/p>\n<h3>\u00a0 \u00a0 \u00a04. Propiedad intelectual y derechos de autor<\/h3>\n<p>&nbsp;<\/p>\n<p>Adem\u00e1s,\u00a0<strong>\u00a0<\/strong>los derechos de propiedad industrial e intelectual de este sitio web, as\u00ed como de los elementos contenidos tales como fotograf\u00edas, logos, dise\u00f1os, textos, gr\u00e1ficos, infograf\u00edas, ilustraciones e im\u00e1genes y dem\u00e1s elementos que aparecen a lo largo de la web, son titularidad exclusiva del titular del sitio web, salvo que se indique lo contrario especificado por medio de una firma o menci\u00f3n.<\/p>\n<p>Queda expresamente prohibida la reproducci\u00f3n, transformaci\u00f3n, distribuci\u00f3n, comunicaci\u00f3n p\u00fablica, puesta a disposici\u00f3n, extracci\u00f3n, reutilizaci\u00f3n, reenv\u00edo o la utilizaci\u00f3n de cualquier naturaleza, por cualquier medio o procedimiento, de cualquiera de los contenidos, salvo consentimiento expreso y escrito por parte de este sitio web. Para ello, contacta con nosotros y te diremos c\u00f3mo proceder.[\/vc_column_text][divider line_type=\u00bbNo Line\u00bb custom_height=\u00bb30px\u00bb][\/vc_column][\/vc_row]\n","protected":false},"excerpt":{"rendered":"<p>[vc_row type=\u00bbfull_width_content\u00bb full_screen_row_position=\u00bbmiddle\u00bb column_margin=\u00bbdefault\u00bb column_direction=\u00bbdefault\u00bb column_direction_tablet=\u00bbdefault\u00bb column_direction_phone=\u00bbdefault\u00bb scene_position=\u00bbcenter\u00bb text_color=\u00bbdark\u00bb text_align=\u00bbleft\u00bb row_border_radius=\u00bbnone\u00bb row_border_radius_applies=\u00bbbg\u00bb overflow=\u00bbvisible\u00bb overlay_strength=\u00bb0.3&#8243; gradient_direction=\u00bbleft_to_right\u00bb shape_divider_position=\u00bbbottom\u00bb bg_image_animation=\u00bbnone\u00bb gradient_type=\u00bbdefault\u00bb shape_type=\u00bb\u00bb][vc_column column_padding=\u00bbno-extra-padding\u00bb column_padding_tablet=\u00bbinherit\u00bb column_padding_phone=\u00bbinherit\u00bb column_padding_position=\u00bball\u00bb column_element_direction_desktop=\u00bbdefault\u00bb column_element_spacing=\u00bbdefault\u00bb desktop_text_alignment=\u00bbdefault\u00bb tablet_text_alignment=\u00bbdefault\u00bb phone_text_alignment=\u00bbdefault\u00bb background_color_opacity=\u00bb1&#8243; background_hover_color_opacity=\u00bb1&#8243;&#8230;<\/p>\n","protected":false},"author":1,"featured_media":0,"parent":0,"menu_order":0,"comment_status":"closed","ping_status":"closed","template":"","meta":{"content-type":"","footnotes":""},"class_list":["post-229","page","type-page","status-publish"],"_links":{"self":[{"href":"https:\/\/parejasenior.es\/index.php\/wp-json\/wp\/v2\/pages\/229","targetHints":{"allow":["GET"]}}],"collection":[{"href":"https:\/\/parejasenior.es\/index.php\/wp-json\/wp\/v2\/pages"}],"about":[{"href":"https:\/\/parejasenior.es\/index.php\/wp-json\/wp\/v2\/types\/page"}],"author":[{"embeddable":true,"href":"https:\/\/parejasenior.es\/index.php\/wp-json\/wp\/v2\/users\/1"}],"replies":[{"embeddable":true,"href":"https:\/\/parejasenior.es\/index.php\/wp-json\/wp\/v2\/comments?post=229"}],"version-history":[{"count":4,"href":"https:\/\/parejasenior.es\/index.php\/wp-json\/wp\/v2\/pages\/229\/revisions"}],"predecessor-version":[{"id":257,"href":"https:\/\/parejasenior.es\/index.php\/wp-json\/wp\/v2\/pages\/229\/revisions\/257"}],"wp:attachment":[{"href":"https:\/\/parejasenior.es\/index.php\/wp-json\/wp\/v2\/media?parent=229"}],"curies":[{"name":"wp","href":"https:\/\/api.w.org\/{rel}","templated":true}]}}