{"id":235,"date":"2023-09-11T09:02:34","date_gmt":"2023-09-11T09:02:34","guid":{"rendered":"https:\/\/parejasenior.es\/?page_id=235"},"modified":"2023-09-12T08:30:16","modified_gmt":"2023-09-12T08:30:16","slug":"politica-de-privacidad","status":"publish","type":"page","link":"https:\/\/parejasenior.es\/index.php\/politica-de-privacidad\/","title":{"rendered":"Pol\u00edtica de privacidad"},"content":{"rendered":"[vc_row type=\u00bbfull_width_content\u00bb full_screen_row_position=\u00bbmiddle\u00bb column_margin=\u00bbdefault\u00bb column_direction=\u00bbdefault\u00bb column_direction_tablet=\u00bbdefault\u00bb column_direction_phone=\u00bbdefault\u00bb scene_position=\u00bbcenter\u00bb text_color=\u00bbdark\u00bb text_align=\u00bbleft\u00bb row_border_radius=\u00bbnone\u00bb row_border_radius_applies=\u00bbbg\u00bb overflow=\u00bbvisible\u00bb overlay_strength=\u00bb0.3&#8243; gradient_direction=\u00bbleft_to_right\u00bb shape_divider_position=\u00bbbottom\u00bb bg_image_animation=\u00bbnone\u00bb gradient_type=\u00bbdefault\u00bb shape_type=\u00bb\u00bb][vc_column column_padding=\u00bbno-extra-padding\u00bb column_padding_tablet=\u00bbinherit\u00bb column_padding_phone=\u00bbinherit\u00bb column_padding_position=\u00bball\u00bb column_element_direction_desktop=\u00bbdefault\u00bb column_element_spacing=\u00bbdefault\u00bb desktop_text_alignment=\u00bbdefault\u00bb tablet_text_alignment=\u00bbdefault\u00bb phone_text_alignment=\u00bbdefault\u00bb background_color_opacity=\u00bb1&#8243; background_hover_color_opacity=\u00bb1&#8243; column_backdrop_filter=\u00bbnone\u00bb column_shadow=\u00bbnone\u00bb column_border_radius=\u00bbnone\u00bb column_link_target=\u00bb_self\u00bb column_position=\u00bbdefault\u00bb gradient_direction=\u00bbleft_to_right\u00bb overlay_strength=\u00bb0.3&#8243; width=\u00bb1\/1&#8243; tablet_width_inherit=\u00bbdefault\u00bb animation_type=\u00bbdefault\u00bb bg_image_animation=\u00bbnone\u00bb border_type=\u00bbsimple\u00bb column_border_width=\u00bbnone\u00bb column_border_style=\u00bbsolid\u00bb][divider line_type=\u00bbFull Width Line\u00bb line_thickness=\u00bb3&#8243; divider_color=\u00bbextra-color-3&#8243; custom_height=\u00bb0px\u00bb][divider line_type=\u00bbNo Line\u00bb custom_height=\u00bb45px\u00bb][\/vc_column][\/vc_row][vc_row type=\u00bbfull_width_background\u00bb full_screen_row_position=\u00bbmiddle\u00bb column_margin=\u00bbdefault\u00bb column_direction=\u00bbdefault\u00bb column_direction_tablet=\u00bbdefault\u00bb column_direction_phone=\u00bbdefault\u00bb scene_position=\u00bbcenter\u00bb text_color=\u00bbdark\u00bb text_align=\u00bbleft\u00bb row_border_radius=\u00bbnone\u00bb row_border_radius_applies=\u00bbbg\u00bb overflow=\u00bbvisible\u00bb overlay_strength=\u00bb0.3&#8243; gradient_direction=\u00bbleft_to_right\u00bb shape_divider_position=\u00bbbottom\u00bb bg_image_animation=\u00bbnone\u00bb gradient_type=\u00bbdefault\u00bb shape_type=\u00bb\u00bb][vc_column column_padding=\u00bbno-extra-padding\u00bb column_padding_tablet=\u00bbinherit\u00bb column_padding_phone=\u00bbinherit\u00bb column_padding_position=\u00bball\u00bb column_element_direction_desktop=\u00bbdefault\u00bb column_element_spacing=\u00bbdefault\u00bb desktop_text_alignment=\u00bbdefault\u00bb tablet_text_alignment=\u00bbdefault\u00bb phone_text_alignment=\u00bbdefault\u00bb background_color_opacity=\u00bb1&#8243; background_hover_color_opacity=\u00bb1&#8243; column_backdrop_filter=\u00bbnone\u00bb column_shadow=\u00bbnone\u00bb column_border_radius=\u00bbnone\u00bb column_link_target=\u00bb_self\u00bb column_position=\u00bbdefault\u00bb gradient_direction=\u00bbleft_to_right\u00bb overlay_strength=\u00bb0.3&#8243; width=\u00bb1\/1&#8243; tablet_width_inherit=\u00bbdefault\u00bb animation_type=\u00bbdefault\u00bb bg_image_animation=\u00bbnone\u00bb border_type=\u00bbsimple\u00bb column_border_width=\u00bbnone\u00bb column_border_style=\u00bbsolid\u00bb][nectar_highlighted_text color_type=\u00bbgradient\u00bb highlight_color=\u00bb#ffffff\u00bb secondary_color=\u00bb#e0d395&#8243; style=\u00bbhalf_text\u00bb]\n<h1 style=\"text-align: center;\"><em>Pol\u00edtica de privacidad<\/em><\/h1>\n[\/nectar_highlighted_text][divider line_type=\u00bbNo Line\u00bb custom_height=\u00bb45px\u00bb][vc_column_text]\n<p style=\"text-align: left;\">Es importante que sepas qui\u00e9n est\u00e1 detr\u00e1s de esta web, el uso que hacemos de los datos que nos facilitas, c\u00f3mo los tratamos y el tiempo que estar\u00e1n con nosotros, siempre buscando transparencia y una relaci\u00f3n cordial y de confianza. Y todo con un objetivo: <strong>tu tranquilidad<\/strong><\/p>\n<h2>\u00a0<\/h2>\n<h3>Qui\u00e9nes somos<\/h3>\n<p>&nbsp;<\/p>\n<!-- \/wp:post-content -->\n<p><!-- wp:paragraph -->La direcci\u00f3n de nuestra web es: https:\/\/parejasenior.es, siendo Carmen Mar\u00eda Sillas, con domicilio en Sevilla (Espa\u00f1a), la \u00fanica responsable de la misma. Para cualquier cuesti\u00f3n que me quieras preguntar, no dudes en contactar conmigo al correo <span style=\"color: #358f8c;\">info@parejasenior.es<\/span><\/p>\n<!-- \/wp:paragraph -->\n<!-- wp:heading -->\n<h2>\u00a0<\/h2>\n<h3>Qu\u00e9 datos personales recogemos y por qu\u00e9 lo hacemos<\/h3>\n<p>&nbsp;<\/p>\n<p><strong>Pareja Senior<\/strong>\u00a0trata la informaci\u00f3n que nos facilita con la finalidad de gestionar de la mejor manera posible las dudas o preguntas que nos pueda plantear como usuario de la web. \u00a0 Adem\u00e1s,\u00a0 necesitar\u00edamos gestionar el env\u00edo de informaci\u00f3n concreta sobre todo lo relacionado con el servicio prestado. \u00a0 Las principales v\u00edas de recogidas de datos ser\u00edan las siguientes:<\/p>\n<!-- \/wp:heading -->\n<!-- wp:heading {\"level\":3} -->\n<h4>\u00a0<\/h4>\n<h4>Comentarios<\/h4>\n<!-- \/wp:heading -->\n<p><!-- wp:paragraph -->Estas web pueden recopilar datos sobre ti, utilizar cookies, incrustar un seguimiento adicional de terceros, y supervisar tu interacci\u00f3n con ese contenido incrustado, incluido el seguimiento de tu interacci\u00f3n con el contenido incrustado si tienes una cuenta y est\u00e1s conectado a esa web.<\/p>\n<!-- wp:heading {\"level\":3} -->\n<!-- wp:heading -->\n<h3>\u00a0<\/h3>\n<h3>Con qui\u00e9n compartimos tus datos<\/h3>\n<p>&nbsp;<\/p>\n<p><!-- \/wp:heading -->Pareja senior no compartir\u00e1 tus datos con ning\u00fan tercero, salvo que el usuario ordene lo contrario, o bien lo comuniquemos previamente y el usuario nos autorice expresamente.<\/p>\n<!-- \/wp:heading -->\n<!-- wp:heading -->\n<h3>\u00a0<\/h3>\n<h3>\u00a0<\/h3>\n<h3>Cu\u00e1nto tiempo conservamos tus datos<\/h3>\n<p>&nbsp;<\/p>\n<!-- \/wp:heading -->\n<p><!-- wp:paragraph -->Si dejas un comentario, el comentario y sus metadatos se conservan indefinidamente. Esto es para que podamos reconocer y aprobar comentarios sucesivos autom\u00e1ticamente, en lugar de mantenerlos en una cola de moderaci\u00f3n.<\/p>\n<!-- \/wp:paragraph -->\n<p><!-- wp:paragraph -->De los usuarios que se registran en nuestra web (si los hay), tambi\u00e9n almacenamos la informaci\u00f3n personal que proporcionan en su perfil de usuario. Todos los usuarios pueden ver, editar o eliminar su informaci\u00f3n personal en cualquier momento (excepto que no pueden cambiar su nombre de usuario). Los administradores de la web tambi\u00e9n pueden ver y editar esa informaci\u00f3n.<\/p>\n<!-- \/wp:paragraph -->\n<!-- wp:heading -->\n<h3>\u00a0<\/h3>\n<h3>\u00a0<\/h3>\n<h3>Qu\u00e9 derechos tienes sobre tus datos<\/h3>\n<p>&nbsp;<\/p>\n<!-- \/wp:heading -->\n<p><!-- wp:paragraph -->Si tienes una cuenta o has dejado comentarios en esta web, puedes solicitar recibir un archivo de exportaci\u00f3n de los datos personales que tenemos sobre ti, incluyendo cualquier dato que nos hayas proporcionado. Tambi\u00e9n puedes solicitar que eliminemos cualquier dato personal que tengamos sobre ti. Esto no incluye ning\u00fan dato que estemos obligados a conservar con fines administrativos, legales o de seguridad.<\/p>\n<h3>\u00a0<\/h3>\n<h3>Seguridad y actualizaci\u00f3n de tus datos personales<\/h3>\n<p>&nbsp;<\/p>\n<p style=\"text-align: left;\">Con el objetivo de salvaguardar la seguridad de sus datos personales, le informamos que desde Pareja Senior, hemos adoptado todas las medidas de \u00edndole t\u00e9cnica y organizativa necesarias para garantizar la seguridad de los datos personales que nos ha facilitado. Todo ello para evitar su alteraci\u00f3n, p\u00e9rdida, y\/o tratamiento o accesos no autorizados, tal como exige la normativa, si bien l<strong>a seguridad absoluta no existe.<\/strong><\/p>\n<p>&nbsp;<\/p>\n<!-- \/wp:paragraph -->\n<!-- wp:heading -->\n<h3>D\u00f3nde enviamos tus datos<\/h3>\n<p>&nbsp;<\/p>\n<!-- \/wp:heading -->\n<p><!-- wp:paragraph -->Los comentarios de los visitantes puede que los revise un servicio de detecci\u00f3n autom\u00e1tica de spam.<\/p>\n[\/vc_column_text][divider line_type=\u00bbNo Line\u00bb custom_height=\u00bb30px\u00bb][\/vc_column][\/vc_row]\n<!-- \/wp:paragraph --><!-- \/wp:paragraph -->\n<p><!-- wp:paragraph -->Cuando los visitantes dejan comentarios en la web, recopilamos los datos que se muestran en el formulario de comentarios, as\u00ed como la direcci\u00f3n IP del visitante y la cadena de agentes de usuario del navegador para ayudar a la detecci\u00f3n de spam. Si el usuario nos pide expresamente que eliminemos sus comentarios, evidentemente as\u00ed lo haremos.<\/p>\n<!-- wp:heading {\"level\":3} -->\n<h3>\u00a0<\/h3>\n<h4>Cookies<\/h4>\n<!-- \/wp:heading -->\n<p><!-- wp:paragraph -->Si dejas un comentario en nuestro sitio puedes elegir guardar tu nombre, direcci\u00f3n de correo electr\u00f3nico y web en cookies. Esto es para tu comodidad, para que no tengas que volver a rellenar tus datos cuando dejes otro comentario. Estas cookies tendr\u00e1n una duraci\u00f3n de un a\u00f1o.<\/p>\n<!-- \/wp:paragraph -->\n<p><!-- wp:paragraph -->Si tienes una cuenta y te conectas a este sitio, instalaremos una cookie temporal para determinar si tu navegador acepta cookies. Esta cookie no contiene datos personales y se elimina al cerrar el navegador.<\/p>\n<!-- \/wp:paragraph -->\n<p><!-- wp:paragraph -->Cuando accedas, tambi\u00e9n instalaremos varias cookies para guardar tu informaci\u00f3n de acceso y tus opciones de visualizaci\u00f3n de pantalla. Las cookies de acceso duran dos d\u00edas, y las cookies de opciones de pantalla duran un a\u00f1o. Si seleccionas \u00abRecu\u00e9rdame\u00bb, tu acceso perdurar\u00e1 durante dos semanas. Si sales de tu cuenta, las cookies de acceso se eliminar\u00e1n.<\/p>\n<!-- \/wp:paragraph -->\n<p><!-- wp:paragraph -->Si editas o publicas un art\u00edculo se guardar\u00e1 una cookie adicional en tu navegador. Esta cookie no incluye datos personales y simplemente indica el ID del art\u00edculo que acabas de editar. Caduca despu\u00e9s de 1 d\u00eda.<\/p>\n<!-- \/wp:paragraph -->\n<!-- wp:heading {\"level\":3} -->\n<h3>\u00a0<\/h3>\n<p>&nbsp;<\/p>\n<h3>Contenido incrustado de otros sitios web<\/h3>\n<p>&nbsp;<\/p>\n<!-- \/wp:heading -->\n<p><!-- wp:paragraph -->Los art\u00edculos de este sitio pueden incluir contenido incrustado (por ejemplo, v\u00eddeos, im\u00e1genes, art\u00edculos, etc.). El contenido incrustado de otras webs se comporta exactamente de la misma manera que si el visitante hubiera visitado la otra web.<\/p>\n<!-- \/wp:paragraph -->\n<p><!-- wp:paragraph -->Estas web pueden recopilar datos sobre ti, utilizar cookies, incrustar un seguimiento adicional de terceros, y supervisar tu interacci\u00f3n con ese contenido incrustado, incluido el seguimiento de tu interacci\u00f3n con el contenido incrustado si tienes una cuenta y est\u00e1s conectado a esa web.<\/p>\n<!-- wp:heading {\"level\":3} -->\n<!-- wp:heading -->\n<h3>\u00a0<\/h3>\n<h3>Con qui\u00e9n compartimos tus datos<\/h3>\n<p>&nbsp;<\/p>\n<p><!-- \/wp:heading -->Pareja senior no compartir\u00e1 tus datos con ning\u00fan tercero, salvo que el usuario ordene lo contrario, o bien lo comuniquemos previamente y el usuario nos autorice expresamente.<\/p>\n<!-- \/wp:paragraph -->\n<!-- wp:heading -->\n<h3>\u00a0<\/h3>\n<h3>\u00a0<\/h3>\n<h3>Cu\u00e1nto tiempo conservamos tus datos<\/h3>\n<p>&nbsp;<\/p>\n<!-- \/wp:heading -->\n<p><!-- wp:paragraph -->Si dejas un comentario, el comentario y sus metadatos se conservan indefinidamente. Esto es para que podamos reconocer y aprobar comentarios sucesivos autom\u00e1ticamente, en lugar de mantenerlos en una cola de moderaci\u00f3n.<\/p>\n<!-- \/wp:paragraph -->\n<p><!-- wp:paragraph -->De los usuarios que se registran en nuestra web (si los hay), tambi\u00e9n almacenamos la informaci\u00f3n personal que proporcionan en su perfil de usuario. Todos los usuarios pueden ver, editar o eliminar su informaci\u00f3n personal en cualquier momento (excepto que no pueden cambiar su nombre de usuario). Los administradores de la web tambi\u00e9n pueden ver y editar esa informaci\u00f3n.<\/p>\n<!-- \/wp:paragraph -->\n<!-- wp:heading -->\n<h3>\u00a0<\/h3>\n<h3>\u00a0<\/h3>\n<h3>Qu\u00e9 derechos tienes sobre tus datos<\/h3>\n<p>&nbsp;<\/p>\n<!-- \/wp:heading -->\n<p><!-- wp:paragraph -->Si tienes una cuenta o has dejado comentarios en esta web, puedes solicitar recibir un archivo de exportaci\u00f3n de los datos personales que tenemos sobre ti, incluyendo cualquier dato que nos hayas proporcionado. Tambi\u00e9n puedes solicitar que eliminemos cualquier dato personal que tengamos sobre ti. Esto no incluye ning\u00fan dato que estemos obligados a conservar con fines administrativos, legales o de seguridad.<\/p>\n<h3>\u00a0<\/h3>\n<h3>Seguridad y actualizaci\u00f3n de tus datos personales<\/h3>\n<p>&nbsp;<\/p>\n<p style=\"text-align: left;\">Con el objetivo de salvaguardar la seguridad de sus datos personales, le informamos que desde Pareja Senior, hemos adoptado todas las medidas de \u00edndole t\u00e9cnica y organizativa necesarias para garantizar la seguridad de los datos personales que nos ha facilitado. Todo ello para evitar su alteraci\u00f3n, p\u00e9rdida, y\/o tratamiento o accesos no autorizados, tal como exige la normativa, si bien l<strong>a seguridad absoluta no existe.<\/strong><\/p>\n<p>&nbsp;<\/p>\n<!-- \/wp:paragraph -->\n<!-- wp:heading -->\n<h3>D\u00f3nde enviamos tus datos<\/h3>\n<p>&nbsp;<\/p>\n<!-- \/wp:heading -->\n<p><!-- wp:paragraph -->Los comentarios de los visitantes puede que los revise un servicio de detecci\u00f3n autom\u00e1tica de spam.<\/p>\n[\/vc_column_text][divider line_type=\u00bbNo Line\u00bb custom_height=\u00bb30px\u00bb][\/vc_column][\/vc_row]\n<!-- \/wp:post-content -->","protected":false},"excerpt":{"rendered":"<p>[vc_row type=\u00bbfull_width_content\u00bb full_screen_row_position=\u00bbmiddle\u00bb column_margin=\u00bbdefault\u00bb column_direction=\u00bbdefault\u00bb column_direction_tablet=\u00bbdefault\u00bb column_direction_phone=\u00bbdefault\u00bb scene_position=\u00bbcenter\u00bb text_color=\u00bbdark\u00bb text_align=\u00bbleft\u00bb row_border_radius=\u00bbnone\u00bb row_border_radius_applies=\u00bbbg\u00bb overflow=\u00bbvisible\u00bb overlay_strength=\u00bb0.3&#8243; gradient_direction=\u00bbleft_to_right\u00bb shape_divider_position=\u00bbbottom\u00bb bg_image_animation=\u00bbnone\u00bb gradient_type=\u00bbdefault\u00bb shape_type=\u00bb\u00bb][vc_column column_padding=\u00bbno-extra-padding\u00bb column_padding_tablet=\u00bbinherit\u00bb column_padding_phone=\u00bbinherit\u00bb column_padding_position=\u00bball\u00bb column_element_direction_desktop=\u00bbdefault\u00bb column_element_spacing=\u00bbdefault\u00bb desktop_text_alignment=\u00bbdefault\u00bb tablet_text_alignment=\u00bbdefault\u00bb phone_text_alignment=\u00bbdefault\u00bb background_color_opacity=\u00bb1&#8243; background_hover_color_opacity=\u00bb1&#8243;&#8230;<\/p>\n","protected":false},"author":1,"featured_media":0,"parent":0,"menu_order":0,"comment_status":"closed","ping_status":"closed","template":"","meta":{"content-type":"","footnotes":""},"class_list":["post-235","page","type-page","status-publish"],"_links":{"self":[{"href":"https:\/\/parejasenior.es\/index.php\/wp-json\/wp\/v2\/pages\/235","targetHints":{"allow":["GET"]}}],"collection":[{"href":"https:\/\/parejasenior.es\/index.php\/wp-json\/wp\/v2\/pages"}],"about":[{"href":"https:\/\/parejasenior.es\/index.php\/wp-json\/wp\/v2\/types\/page"}],"author":[{"embeddable":true,"href":"https:\/\/parejasenior.es\/index.php\/wp-json\/wp\/v2\/users\/1"}],"replies":[{"embeddable":true,"href":"https:\/\/parejasenior.es\/index.php\/wp-json\/wp\/v2\/comments?post=235"}],"version-history":[{"count":5,"href":"https:\/\/parejasenior.es\/index.php\/wp-json\/wp\/v2\/pages\/235\/revisions"}],"predecessor-version":[{"id":258,"href":"https:\/\/parejasenior.es\/index.php\/wp-json\/wp\/v2\/pages\/235\/revisions\/258"}],"wp:attachment":[{"href":"https:\/\/parejasenior.es\/index.php\/wp-json\/wp\/v2\/media?parent=235"}],"curies":[{"name":"wp","href":"https:\/\/api.w.org\/{rel}","templated":true}]}}